{"id":16,"date":"2013-04-02T19:38:51","date_gmt":"2013-04-02T17:38:51","guid":{"rendered":"http:\/\/marietteflener.wordpress.com\/?page_id=16"},"modified":"2016-03-31T21:49:22","modified_gmt":"2016-03-31T19:49:22","slug":"apropos","status":"publish","type":"page","link":"https:\/\/www.flener.org\/mfm\/","title":{"rendered":"A propos"},"content":{"rendered":"<p>&nbsp;<\/p>\n<p>&nbsp;<\/p>\n<p>Mariette Flener se consacre enti\u00e8rement \u00e0<img loading=\"lazy\" class=\"wp-image-54 alignright\" src=\"http:\/\/www.flener.org\/mfm\/wp-content\/uploads\/2013\/04\/mariette-flener-kleng.jpg\" alt=\"Mariette Flener kleng\" width=\"166\" height=\"221\" srcset=\"https:\/\/www.flener.org\/mfm\/wp-content\/uploads\/2013\/04\/mariette-flener-kleng.jpg 345w, https:\/\/www.flener.org\/mfm\/wp-content\/uploads\/2013\/04\/mariette-flener-kleng-225x300.jpg 225w\" sizes=\"(max-width: 166px) 100vw, 166px\" \/> la pratique de la gravure. Au fil\u00a0des ann\u00e9es, elle \u00e0 su en apprivoiser les techniques et soumettre \u00e0 son regard les exigences du m\u00e9tal, des acides et des empreintes. Aux multiples\u00a0tirages des gravures traditionnelles, elle tend d\u00e9sormais \u00e0 pr\u00e9f\u00e9rer les monotypes, extrayant du lent travail sur les matrices et des mat\u00e9riaux sur la singularit\u00e9 d&rsquo;une oeuvre unique.\u00a0Substituant ainsi \u00e0 la r\u00e9p\u00e9tition de l&rsquo;impression le go\u00fbt de la manipulation des plaques, des papiers et des couleurs, elle \u00e9labore une oeuvre dot l&rsquo;esprit souvent rappelle le collage : c&rsquo;est \u00e0 partir de fragments de son imaginaire qu&rsquo;elle r\u00e9invente des compositions qui se r\u00e9pondent les unes aux autres, dessinant, sur une gamme de l\u00e9g\u00e8res variations, une inspiration po\u00e9tique. Mariette Flener nourrit ses oeuvres de la r\u00e9alit\u00e9, dont elle associe les mat\u00e9riaux et les images dans des ensembles sensibles, souvent tactiles et toujours subtiles. Au bout du compte, c&rsquo;est une oeuvre d\u00e9licate qu&rsquo;elle offre \u00e0 notre regard.<\/p>\n","protected":false},"excerpt":{"rendered":"<p>&nbsp; &nbsp; Mariette Flener se consacre enti\u00e8rement \u00e0 la pratique de la gravure. Au fil\u00a0des ann\u00e9es, elle \u00e0 su en apprivoiser les techniques et soumettre \u00e0 son regard les exigences du m\u00e9tal, des acides et des empreintes. Aux multiples\u00a0tirages des gravures traditionnelles, elle tend d\u00e9sormais \u00e0 pr\u00e9f\u00e9rer les monotypes, extrayant du lent travail sur les [&hellip;]<\/p>\n","protected":false},"author":1,"featured_media":0,"parent":0,"menu_order":0,"comment_status":"closed","ping_status":"open","template":"","meta":[],"_links":{"self":[{"href":"https:\/\/www.flener.org\/mfm\/wp-json\/wp\/v2\/pages\/16"}],"collection":[{"href":"https:\/\/www.flener.org\/mfm\/wp-json\/wp\/v2\/pages"}],"about":[{"href":"https:\/\/www.flener.org\/mfm\/wp-json\/wp\/v2\/types\/page"}],"author":[{"embeddable":true,"href":"https:\/\/www.flener.org\/mfm\/wp-json\/wp\/v2\/users\/1"}],"replies":[{"embeddable":true,"href":"https:\/\/www.flener.org\/mfm\/wp-json\/wp\/v2\/comments?post=16"}],"version-history":[{"count":3,"href":"https:\/\/www.flener.org\/mfm\/wp-json\/wp\/v2\/pages\/16\/revisions"}],"predecessor-version":[{"id":157,"href":"https:\/\/www.flener.org\/mfm\/wp-json\/wp\/v2\/pages\/16\/revisions\/157"}],"wp:attachment":[{"href":"https:\/\/www.flener.org\/mfm\/wp-json\/wp\/v2\/media?parent=16"}],"curies":[{"name":"wp","href":"https:\/\/api.w.org\/{rel}","templated":true}]}}