{"id":5,"date":"2013-04-02T19:36:51","date_gmt":"2013-04-02T17:36:51","guid":{"rendered":"http:\/\/marietteflener.wordpress.com\/?page_id=5"},"modified":"2025-11-24T15:37:53","modified_gmt":"2025-11-24T14:37:53","slug":"biographie-2","status":"publish","type":"page","link":"https:\/\/www.flener.org\/mfm\/biographie-2\/","title":{"rendered":"Biographie"},"content":{"rendered":"<h2 style=\"text-align: justify;\">\u00a0<\/h2>\n<h2><a href=\"http:\/\/www.flener.org\/mfm\/wp-content\/uploads\/2013\/04\/mfm-logo1.png\"><img loading=\"lazy\" class=\"alignnone\" src=\"http:\/\/www.flener.org\/mfm\/wp-content\/uploads\/2013\/04\/mfm-logo1.png\" alt=\"mfm logo\" width=\"204\" height=\"129\" \/><\/a><\/h2>\n<h2 style=\"text-align: justify;\">\u00a0Mariette FLENER<\/h2>\n<ul>\n<li>N\u00e9e \u00e0 Luxembourg<\/li>\n<li>Travaille \u00e0 L-3392 Roedgen<\/li>\n<li>Peinture \u2013\u00a0 Gravure\u00a0 \u2013\u00a0 Art conceptuel<\/li>\n<li>Cofondatrice et membre de l\u2019atelier de gravure \u00ab\u00a0empreinte\u00a0\u00bb a.s.b.l.<\/li>\n<li>e-mail\u00a0: <a href=\"mailto:mariette@flener.org\">mariette@flener.org<\/a><\/li>\n<li>internet\u00a0: <a href=\"http:\/\/www.flener.org\/mfm\">www.flener.org\/mfm<\/a><\/li>\n<\/ul>\n<p><b>Expositions r\u00e9centes<\/b><\/p>\n<ul>\n<li>2025 \u00a0 Exposition Blanc, Millegalerie Berkerich, Luxembourg<\/li>\n<li>2025 \u00a0 Luxembourg Art Week \u00abTake Off\u00bb, Luxembourg<\/li>\n<li>2025 \u00a0 ViART, KonschTour, Vianden<\/li>\n<li>2025 \u00a0 Printmaker\u2018s choice, CAW. Galerie Walferdange. Luxembourg<\/li>\n<li>2024 \u00a0 Luxembourg Art Week \u00abTake Off\u00bb, Luxembourg<\/li>\n<li>2024 \u00a0 P\u00e4ischt Salon Druckreif, Galerie am Duerf. Steesel<\/li>\n<li>2024 \u00a0 Biennale du livre d\u2018 artiste, Espace Beau Site, Arlon, Belgique<\/li>\n<li>2023 \u00a0 ViART, KonschTour, Vianden<\/li>\n<li>2023 \u00a0 Luxembourg Art Week \u00abTake Off\u00bb, Luxembourg<\/li>\n<li>2023 \u00a0 Pandora. homage \u00e0 Bo Halbirk, Galerie Neum\u00fcnster Luxemburg, Paris &#8211; Luxembourg<\/li>\n<li>2023 \u00a0 Meng Gemeng (Oeuvre permanente), Administration Communale Reckange \/ Mess<\/li>\n<li>2022 \u00a0 Luxembourg Art Week \u00abTake Off\u00bb, Luxembourg<\/li>\n<li>2022 \u00a0 Blanc ou Blanche Neige, M\u00e9diath\u00e8que du Grand Longwy, France<\/li>\n<li>2022 \u00a0 CAW, \u00a0Empreinte, Galerie Walferdange, Luxembourg<\/li>\n<li>2022 \u00a0 Made in Luxemburg, \u00a0Empreinte, Galerie Hollar, Prague, Tch\u00e9quie<\/li>\n<li>2021 \u00a0 Luxembourg Art Week \u00abTake Off\u00bb, Luxembourg<\/li>\n<li>2021 \u00a0 MNHA et BnL., La figure humaine, Empreinte, Luxembourg<\/li>\n<li>2020 \u00a0 Luxembourg Art Week \u00abTake Off\u00bb, Luxembourg<\/li>\n<li>2019 \u00a0 Luxembourg Art Week \u00abTake Off\u00bb, Luxembourg<\/li>\n<li>2019 \u00a0 ViART Les invit\u00e9s, Mariette Flener \u2013 St\u00e9phanie Uhres,\u00a0Vianden<\/li>\n<li>2018 \u00a0 De Mains de Ma\u00eetres \/ Empreinte \u2013 atelier de gravures, Luxembourg<\/li>\n<li>2018 \u00a0 ViART, KonschtmART, Vianden<\/li>\n<li>2018 \u00a0 Luxembourg Art Week \u00abTake Off\u00bb Hall Victor Hugo, Luxembourg<\/li>\n<li>2018 \u00a0 Biennale Intl PETIT FORMAT DE PAPIER, Nismes\/Arlon\/Woluwe-Saint-Lambert<\/li>\n<li>2018 \u00a0 Intl contemporary PRINT MAKING Exhibition\/Forum, Luxembourg<\/li>\n<li>2018 \u00a0 ViART KonschTour, Vianden<\/li>\n<li>2018 \u00a0 Exposition ROUGE, M\u00e9diath\u00e8que F-Mont-Saint-Martin<\/li>\n<li>2017 \u00a0 WantermART, ViART, Vianden<\/li>\n<li>2017 \u00a0 Luxembourg Art Week \u00abTake Off\u00bb Hall Victor Hugo, Luxembourg<\/li>\n<li>2017 \u00a0 Festival de la Gravure, Maison de la Culture, Diekirch<\/li>\n<li>2016 \u00a0 Luxembourg Art Week \u00abTake Off\u00bb Hall Victor Hugo, Luxembourg<\/li>\n<\/ul>\n<p><b>Expositions personelles (s\u00e9lections)<\/b><\/p>\n<ul>\n<li>2005 \u00a0 Cercle Culturel et Historique de Leudelange, A.s.b.l., Leudelange<\/li>\n<li>2004 \u00a0 Galerie Schweitzer Luxembourg, \u00ab\u00a0carte blanche 1\u00a0\u00bb<\/li>\n<li>2003 \u00a0 Galerie Konschthaus beim Engel, Luxembourg,<\/li>\n<li>2003 \u00a0 Info Video-Center, Luxembourg<\/li>\n<li>2002 \u00a0 Maison du Bailly, F-Morhange<\/li>\n<li>1998 \u00a0 \u00a0Galerie Schweitzer, Mondorf-les-Bains \u00ab\u00a0Fragile\u00a0\u00bb<\/li>\n<\/ul>\n<p><b>Expositions collectives (s\u00e9lections)<\/b><\/p>\n<ul>\n<li>2016 \u00a0 Be my Guest, Konschthaus beim Engel, Luxembourg<\/li>\n<li>2016 \u00a0 Kultureck, Centre Culturel \u00ab\u00a0Petzenhaus\u00a0\u00bb Reckange\/Mess<\/li>\n<li>2015 \u00a0 Empreinte 20 Joer, Konschthaus beim Engel, Luxembourg<\/li>\n<li>2014 \u00a0 fifty\/fifty, Empreinte, CCR Abbaye de Neum\u00fcnster, Luxembourg<\/li>\n<li>2014 \u00a0 Amour, M\u00e9diath\u00e8que intercommunale, F-Longwy<\/li>\n<li>2012 \u00a0 Empreinte \u2013 cape Ettelbruck, Ettelbruck<\/li>\n<li>2012 \u00a0 Empreinte &amp; Sixthfloor, Neimillen Koerich<\/li>\n<li>2012 \u00a0 Univers Singuliers &#8211; Livres d\u2019artistes, Galerie Espace Beau Site,\u00a0B-Arlon<\/li>\n<li>2011 \u00a0 Maison Jean-Baptiste Cl\u00e9ment, F-Mont-Saint-Martin, \u00ab\u00a0Fin de partie\u00a0\u00bb<\/li>\n<li>2011 \u00a0 Galerie Espace Beau Site, B-Arlon, March\u00e9 de la gravure<\/li>\n<li>2010 \u00a0 Galerie Walferdange \u00ab\u00a0Made by Lac\u00a0\u00bb<\/li>\n<li>2010 \u00a0 Galerie Espace Beau Site, B-Arlon \u2013 Empreinte<\/li>\n<li>2010 \u00a0 Galerie du Ch\u00e2teau de Bourglinster, \u00ab\u00a025<sup>\u00e8me<\/sup> anniversaire LAC\u00a0\u00bb<\/li>\n<li>2009 \u00a0 Galerie op der Kap \u00ab\u00a0Reflets d\u2019artistes\u00a0\u00bb<\/li>\n<li>2009 \u00a0 Galerie du Ch\u00e2teau de Bourglinster,<\/li>\n<li style=\"text-align: left;\">\u00a0 \u00a0 \u00a0 \u00a0 \u00a0 \u00a0 LAC \u2013 Collections \u2013 \u00ab\u00a0Par amour pour l\u2019art\u00a0\u00bb<\/li>\n<li>2007 \u00a0 Galerie Schweitzer, Livres d\u2019artistes<\/li>\n<li>2007 \u00a0 Galerie Clairfontaine, \u00ab\u00a0Blues stag mega hype\u00a0\u00bb<\/li>\n<li>2007 \u00a0 Galerie du Ch\u00e2teau de Bourglinster, LAC \u2013 R\u00e9f\u00e9rences<\/li>\n<li>2005 \u00a0 Chapelle du Rahm-20 Ans Salon de Printemps \u2026 une chance,<\/li>\n<li>2005 \u00a0 Galerie \u00ab\u00a0Konschthaus beim Engel\u00a0\u00bb 10 ans atelier Empreinte<\/li>\n<li>2004 \u00a0 Galerie Schweitzer, Carte blanche galerie\u00a0Galerie Schweitzer, Livres d\u2019artistes<\/li>\n<li>2000 \u00a0 \u00a05 ans Salon du printemps, LAC\u00a0\u00a0Centre culturel Jacques Brel, LAC, Thionville<\/li>\n<\/ul>\n<p><b>Expositions itin\u00e9rantes<\/b><\/p>\n<ul>\n<li>2004 \u00a0 Deux, la Collecte\u00a0 (Canada, Luxembourg, Danemark, Br\u00e9sil, Serbie,<\/li>\n<li>2005 \u00a0 Su\u00e8de, Pays Bas, Espagne, Portugal, France.<\/li>\n<\/ul>\n<p><b>Salons<\/b><\/p>\n<ul>\n<li>2002\/03\/04\/17<span style=\"color: #000000;\">\u00a0 \u00a0<\/span>Festival de la gravure, Diekirch<\/li>\n<li>2002\/2010 \u00a0 Salon de la Gravure, F-Morhange<\/li>\n<li>1998\/99 \u00a0 EVBK, D-Pr\u00fcm<\/li>\n<li>1998-2000 \u00a0 Salon du LAC<\/li>\n<li>1995 \u00a0 Salon du CAL<\/li>\n<\/ul>\n<p><b>Livres\u00a0\u00a0\u00a0\u00a0\u00a0\u00a0\u00a0\u00a0\u00a0\u00a0\u00a0\u00a0\u00a0\u00a0\u00a0\u00a0\u00a0 \u00a0\u00a0\u00a0\u00a0\u00a0\u00a0\u00a0\u00a0\u00a0\u00a0\u00a0\u00a0\u00a0\u00a0\u00a0\u00a0\u00a0 <\/b><\/p>\n<ul>\n<li style=\"text-align: left;\">fifty\/fifty EMPREINTE, 2014<\/li>\n<li style=\"text-align: left;\">EMPREINTE Atelier, 2009<\/li>\n<li style=\"text-align: left;\">LAC 1984-2012<\/li>\n<li style=\"text-align: left;\">LAC Livre d\u2019art \u00ab\u00a0Aspects de la sexualit\u00e9 vus par les artistes\u00a0\u00bb<\/li>\n<li style=\"text-align: left;\">LAC Livre d\u2019art \u00ab\u00a0R\u00e9f\u00e9rences\u00a0\u00bb<\/li>\n<li style=\"text-align: left;\">Luxart<\/li>\n<li style=\"text-align: left;\">Signatures<\/li>\n<li style=\"text-align: left;\">Diff\u00e9rents catalogues d\u2019art<\/li>\n<\/ul>\n<p><b>Editions SNE<\/b><\/p>\n<ul>\n<li style=\"text-align: left;\">2013 \u00a0 Auteur du Livre: Kunstaktivit\u00e4ten \/ Activit\u00e9s cr\u00e9atrices<\/li>\n<\/ul>\n<p><b>Installations<\/b><\/p>\n<ul>\n<li>2019 \u00a0 Veiner Konschtgalerie, Vianden<\/li>\n<\/ul>\n<ul>\n<li>2007 \u00a0 CCR Abbaye de Neum\u00fcnster \u00ab\u00a0Globalisierung\u00a0\u00bb<\/li>\n<li>2007 \u00a0 Galerie du Ch\u00e2teau de Bourglinster, \u00ab\u00a0LAC \u2013 R\u00e9f\u00e9rences\u00a0\u00bb<\/li>\n<li>2006 \u00a0 Galerie \u00ab\u00a0Maggy Stein\u00a0\u00bb Ch\u00e2teau de Bettembourg, LAC<\/li>\n<li>2005 \u00a0 Cercle Culturel et Historique de Leudelange, A.s.b.l., Leudelange<\/li>\n<li>2004 \u00a0 Galerie Schweitzer Luxembourg, \u00ab\u00a0carte blanche 1\u00a0\u00bb<\/li>\n<li>2003 \u00a0 Galerie Konschthaus beim Engel, Luxembourg<\/li>\n<li>2002 \u00a0 Beaufort, Art in Beaufort<\/li>\n<li>2001 \u00a0 \u00a0L\u2019Art en Marche LAC<\/li>\n<li>2000 \u00a0 (F) Longwy, \u00ab\u00a0Deux\u00a0\u00bb<\/li>\n<li>1999 \u00a0 \u00a0L\u2019Art en Marche LAC<\/li>\n<li>1998 \u00a0 \u00a0Luxembourg, \u00ab\u00a0ASTEFINAM\u00a0\u00bb LAC Tutesall<\/li>\n<\/ul>\n\n\n<p><\/p>\n","protected":false},"excerpt":{"rendered":"<p>\u00a0 \u00a0Mariette FLENER N\u00e9e \u00e0 Luxembourg Travaille \u00e0 L-3392 Roedgen Peinture \u2013\u00a0 Gravure\u00a0 \u2013\u00a0 Art conceptuel Cofondatrice et membre de l\u2019atelier de gravure \u00ab\u00a0empreinte\u00a0\u00bb a.s.b.l. e-mail\u00a0: mariette@flener.org internet\u00a0: www.flener.org\/mfm Expositions r\u00e9centes 2025 \u00a0 Exposition Blanc, Millegalerie Berkerich, Luxembourg 2025 \u00a0 Luxembourg Art Week \u00abTake Off\u00bb, Luxembourg 2025 \u00a0 ViART, KonschTour, Vianden 2025 \u00a0 Printmaker\u2018s choice, [&hellip;]<\/p>\n","protected":false},"author":1,"featured_media":0,"parent":0,"menu_order":0,"comment_status":"open","ping_status":"open","template":"","meta":[],"_links":{"self":[{"href":"https:\/\/www.flener.org\/mfm\/wp-json\/wp\/v2\/pages\/5"}],"collection":[{"href":"https:\/\/www.flener.org\/mfm\/wp-json\/wp\/v2\/pages"}],"about":[{"href":"https:\/\/www.flener.org\/mfm\/wp-json\/wp\/v2\/types\/page"}],"author":[{"embeddable":true,"href":"https:\/\/www.flener.org\/mfm\/wp-json\/wp\/v2\/users\/1"}],"replies":[{"embeddable":true,"href":"https:\/\/www.flener.org\/mfm\/wp-json\/wp\/v2\/comments?post=5"}],"version-history":[{"count":51,"href":"https:\/\/www.flener.org\/mfm\/wp-json\/wp\/v2\/pages\/5\/revisions"}],"predecessor-version":[{"id":851,"href":"https:\/\/www.flener.org\/mfm\/wp-json\/wp\/v2\/pages\/5\/revisions\/851"}],"wp:attachment":[{"href":"https:\/\/www.flener.org\/mfm\/wp-json\/wp\/v2\/media?parent=5"}],"curies":[{"name":"wp","href":"https:\/\/api.w.org\/{rel}","templated":true}]}}